{"id":16,"date":"2024-04-02T13:56:07","date_gmt":"2024-04-02T11:56:07","guid":{"rendered":"https:\/\/coteetcampagne.fr\/?page_id=16"},"modified":"2024-08-12T07:56:52","modified_gmt":"2024-08-12T05:56:52","slug":"qui-suis-je","status":"publish","type":"page","link":"https:\/\/coteetcampagne.fr\/index.php\/qui-suis-je\/","title":{"rendered":"Qui suis-je"},"content":{"rendered":"\n<div class=\"wp-block-columns alignwide is-layout-flex wp-container-core-columns-is-layout-28f84493 wp-block-columns-is-layout-flex\">\n<div class=\"wp-block-column is-layout-flow wp-block-column-is-layout-flow\" style=\"flex-basis:33.33%\">\n<figure class=\"wp-block-image aligncenter size-full is-resized\"><img loading=\"lazy\" decoding=\"async\" width=\"150\" height=\"150\" src=\"https:\/\/coteetcampagne.fr\/wp-content\/uploads\/2024\/08\/Fabienne.jpg\" alt=\"\" class=\"wp-image-231\" style=\"width:148px;height:auto\"\/><\/figure>\n<\/div>\n\n\n\n<div class=\"wp-block-column is-layout-flow wp-block-column-is-layout-flow\" style=\"flex-basis:66.66%\">\n<p>Qui suis-je? Passionn\u00e9e de d\u00e9coration depuis mon enfance, j\u2019ai toujours pris plaisir \u00e0 am\u00e9nager et \u00e0 embellir mes espaces de vie et ceux des autres.<\/p>\n\n\n\n<p><br>Dans le param\u00e9dical pendant 16 ans, je me suis reconvertie dans le social jusqu\u2019\u00e0 aujourd\u2019hui. 16 ann\u00e9es ont pass\u00e9es, forte de ses exp\u00e9riences humaines, passionn\u00e9e de d\u00e9coration depuis toujours, j\u2019ai d\u00e9cid\u00e9 de faire de ma passion, mon nouveau m\u00e9tier.<\/p>\n\n\n\n<p><br>Form\u00e9e par Alexia Rhodier, je vous propose mon expertise en Home Staging, ainsi que mes services de coaching d\u00e9co.<\/p>\n<\/div>\n<\/div>\n\n\n\n<h4 class=\"wp-block-heading\">Ensemble, cr\u00e9ons un lieu de vie confortable et chaleureux qui sublimera votre quotidien<\/h4>\n","protected":false},"excerpt":{"rendered":"<p>Qui suis-je? Passionn\u00e9e de d\u00e9coration depuis mon enfance, j\u2019ai toujours pris plaisir \u00e0 am\u00e9nager et \u00e0 embellir mes espaces de vie et ceux des autres. Dans le param\u00e9dical pendant 16 ans, je me suis reconvertie dans le social jusqu\u2019\u00e0 aujourd\u2019hui. 16 ann\u00e9es ont pass\u00e9es, forte de ses exp\u00e9riences humaines, passionn\u00e9e de d\u00e9coration depuis toujours, j\u2019ai [&hellip;]<\/p>\n","protected":false},"author":1,"featured_media":0,"parent":0,"menu_order":0,"comment_status":"closed","ping_status":"closed","template":"","meta":{"footnotes":""},"class_list":["post-16","page","type-page","status-publish","hentry"],"yoast_head":"<!-- This site is optimized with the Yoast SEO plugin v25.2 - https:\/\/yoast.com\/wordpress\/plugins\/seo\/ -->\n<title>Qui suis-je - C\u00f4te et Campagne<\/title>\n<meta name=\"description\" content=\"Home Staging Coaching d\u00e9co cote campagne coteetcampagne Boulogne immobilier Qui suis-je\" \/>\n<meta name=\"robots\" content=\"index, follow, max-snippet:-1, max-image-preview:large, max-video-preview:-1\" \/>\n<link rel=\"canonical\" href=\"https:\/\/coteetcampagne.fr\/index.php\/qui-suis-je\/\" \/>\n<meta property=\"og:locale\" content=\"en_US\" \/>\n<meta property=\"og:type\" content=\"article\" \/>\n<meta property=\"og:title\" content=\"Qui suis-je - C\u00f4te et Campagne\" \/>\n<meta property=\"og:description\" content=\"Home Staging Coaching d\u00e9co cote campagne coteetcampagne Boulogne immobilier Qui suis-je\" \/>\n<meta property=\"og:url\" content=\"https:\/\/coteetcampagne.fr\/index.php\/qui-suis-je\/\" \/>\n<meta property=\"og:site_name\" content=\"C\u00f4te et Campagne\" \/>\n<meta property=\"article:modified_time\" content=\"2024-08-12T05:56:52+00:00\" \/>\n<meta property=\"og:image\" content=\"https:\/\/coteetcampagne.fr\/wp-content\/uploads\/2024\/08\/Fabienne.jpg\" \/>\n<meta name=\"twitter:card\" content=\"summary_large_image\" \/>\n<meta name=\"twitter:label1\" content=\"Est. reading time\" \/>\n\t<meta name=\"twitter:data1\" content=\"1 minute\" \/>\n<script type=\"application\/ld+json\" class=\"yoast-schema-graph\">{\"@context\":\"https:\/\/schema.org\",\"@graph\":[{\"@type\":\"WebPage\",\"@id\":\"https:\/\/coteetcampagne.fr\/index.php\/qui-suis-je\/\",\"url\":\"https:\/\/coteetcampagne.fr\/index.php\/qui-suis-je\/\",\"name\":\"Qui suis-je - C\u00f4te et Campagne\",\"isPartOf\":{\"@id\":\"https:\/\/coteetcampagne.fr\/#website\"},\"primaryImageOfPage\":{\"@id\":\"https:\/\/coteetcampagne.fr\/index.php\/qui-suis-je\/#primaryimage\"},\"image\":{\"@id\":\"https:\/\/coteetcampagne.fr\/index.php\/qui-suis-je\/#primaryimage\"},\"thumbnailUrl\":\"https:\/\/coteetcampagne.fr\/wp-content\/uploads\/2024\/08\/Fabienne.jpg\",\"datePublished\":\"2024-04-02T11:56:07+00:00\",\"dateModified\":\"2024-08-12T05:56:52+00:00\",\"description\":\"Home Staging Coaching d\u00e9co cote campagne coteetcampagne Boulogne immobilier Qui suis-je\",\"breadcrumb\":{\"@id\":\"https:\/\/coteetcampagne.fr\/index.php\/qui-suis-je\/#breadcrumb\"},\"inLanguage\":\"en-US\",\"potentialAction\":[{\"@type\":\"ReadAction\",\"target\":[\"https:\/\/coteetcampagne.fr\/index.php\/qui-suis-je\/\"]}]},{\"@type\":\"ImageObject\",\"inLanguage\":\"en-US\",\"@id\":\"https:\/\/coteetcampagne.fr\/index.php\/qui-suis-je\/#primaryimage\",\"url\":\"https:\/\/coteetcampagne.fr\/wp-content\/uploads\/2024\/08\/Fabienne.jpg\",\"contentUrl\":\"https:\/\/coteetcampagne.fr\/wp-content\/uploads\/2024\/08\/Fabienne.jpg\",\"width\":150,\"height\":150},{\"@type\":\"BreadcrumbList\",\"@id\":\"https:\/\/coteetcampagne.fr\/index.php\/qui-suis-je\/#breadcrumb\",\"itemListElement\":[{\"@type\":\"ListItem\",\"position\":1,\"name\":\"Home\",\"item\":\"https:\/\/coteetcampagne.fr\/\"},{\"@type\":\"ListItem\",\"position\":2,\"name\":\"Qui suis-je\"}]},{\"@type\":\"WebSite\",\"@id\":\"https:\/\/coteetcampagne.fr\/#website\",\"url\":\"https:\/\/coteetcampagne.fr\/\",\"name\":\"C\u00f4te et Campagne\",\"description\":\"Un site utilisant WordPress\",\"publisher\":{\"@id\":\"https:\/\/coteetcampagne.fr\/#organization\"},\"potentialAction\":[{\"@type\":\"SearchAction\",\"target\":{\"@type\":\"EntryPoint\",\"urlTemplate\":\"https:\/\/coteetcampagne.fr\/?s={search_term_string}\"},\"query-input\":{\"@type\":\"PropertyValueSpecification\",\"valueRequired\":true,\"valueName\":\"search_term_string\"}}],\"inLanguage\":\"en-US\"},{\"@type\":\"Organization\",\"@id\":\"https:\/\/coteetcampagne.fr\/#organization\",\"name\":\"C\u00f4te et Campagne\",\"url\":\"https:\/\/coteetcampagne.fr\/\",\"logo\":{\"@type\":\"ImageObject\",\"inLanguage\":\"en-US\",\"@id\":\"https:\/\/coteetcampagne.fr\/#\/schema\/logo\/image\/\",\"url\":\"http:\/\/coteetcampagne.fr\/wp-content\/uploads\/2024\/04\/CoteEtCampagne-1.png\",\"contentUrl\":\"http:\/\/coteetcampagne.fr\/wp-content\/uploads\/2024\/04\/CoteEtCampagne-1.png\",\"width\":430,\"height\":430,\"caption\":\"C\u00f4te et Campagne\"},\"image\":{\"@id\":\"https:\/\/coteetcampagne.fr\/#\/schema\/logo\/image\/\"}}]}<\/script>\n<!-- \/ Yoast SEO plugin. -->","yoast_head_json":{"title":"Qui suis-je - C\u00f4te et Campagne","description":"Home Staging Coaching d\u00e9co cote campagne coteetcampagne Boulogne immobilier Qui suis-je","robots":{"index":"index","follow":"follow","max-snippet":"max-snippet:-1","max-image-preview":"max-image-preview:large","max-video-preview":"max-video-preview:-1"},"canonical":"https:\/\/coteetcampagne.fr\/index.php\/qui-suis-je\/","og_locale":"en_US","og_type":"article","og_title":"Qui suis-je - C\u00f4te et Campagne","og_description":"Home Staging Coaching d\u00e9co cote campagne coteetcampagne Boulogne immobilier Qui suis-je","og_url":"https:\/\/coteetcampagne.fr\/index.php\/qui-suis-je\/","og_site_name":"C\u00f4te et Campagne","article_modified_time":"2024-08-12T05:56:52+00:00","og_image":[{"url":"https:\/\/coteetcampagne.fr\/wp-content\/uploads\/2024\/08\/Fabienne.jpg","type":"","width":"","height":""}],"twitter_card":"summary_large_image","twitter_misc":{"Est. reading time":"1 minute"},"schema":{"@context":"https:\/\/schema.org","@graph":[{"@type":"WebPage","@id":"https:\/\/coteetcampagne.fr\/index.php\/qui-suis-je\/","url":"https:\/\/coteetcampagne.fr\/index.php\/qui-suis-je\/","name":"Qui suis-je - C\u00f4te et Campagne","isPartOf":{"@id":"https:\/\/coteetcampagne.fr\/#website"},"primaryImageOfPage":{"@id":"https:\/\/coteetcampagne.fr\/index.php\/qui-suis-je\/#primaryimage"},"image":{"@id":"https:\/\/coteetcampagne.fr\/index.php\/qui-suis-je\/#primaryimage"},"thumbnailUrl":"https:\/\/coteetcampagne.fr\/wp-content\/uploads\/2024\/08\/Fabienne.jpg","datePublished":"2024-04-02T11:56:07+00:00","dateModified":"2024-08-12T05:56:52+00:00","description":"Home Staging Coaching d\u00e9co cote campagne coteetcampagne Boulogne immobilier Qui suis-je","breadcrumb":{"@id":"https:\/\/coteetcampagne.fr\/index.php\/qui-suis-je\/#breadcrumb"},"inLanguage":"en-US","potentialAction":[{"@type":"ReadAction","target":["https:\/\/coteetcampagne.fr\/index.php\/qui-suis-je\/"]}]},{"@type":"ImageObject","inLanguage":"en-US","@id":"https:\/\/coteetcampagne.fr\/index.php\/qui-suis-je\/#primaryimage","url":"https:\/\/coteetcampagne.fr\/wp-content\/uploads\/2024\/08\/Fabienne.jpg","contentUrl":"https:\/\/coteetcampagne.fr\/wp-content\/uploads\/2024\/08\/Fabienne.jpg","width":150,"height":150},{"@type":"BreadcrumbList","@id":"https:\/\/coteetcampagne.fr\/index.php\/qui-suis-je\/#breadcrumb","itemListElement":[{"@type":"ListItem","position":1,"name":"Home","item":"https:\/\/coteetcampagne.fr\/"},{"@type":"ListItem","position":2,"name":"Qui suis-je"}]},{"@type":"WebSite","@id":"https:\/\/coteetcampagne.fr\/#website","url":"https:\/\/coteetcampagne.fr\/","name":"C\u00f4te et Campagne","description":"Un site utilisant WordPress","publisher":{"@id":"https:\/\/coteetcampagne.fr\/#organization"},"potentialAction":[{"@type":"SearchAction","target":{"@type":"EntryPoint","urlTemplate":"https:\/\/coteetcampagne.fr\/?s={search_term_string}"},"query-input":{"@type":"PropertyValueSpecification","valueRequired":true,"valueName":"search_term_string"}}],"inLanguage":"en-US"},{"@type":"Organization","@id":"https:\/\/coteetcampagne.fr\/#organization","name":"C\u00f4te et Campagne","url":"https:\/\/coteetcampagne.fr\/","logo":{"@type":"ImageObject","inLanguage":"en-US","@id":"https:\/\/coteetcampagne.fr\/#\/schema\/logo\/image\/","url":"http:\/\/coteetcampagne.fr\/wp-content\/uploads\/2024\/04\/CoteEtCampagne-1.png","contentUrl":"http:\/\/coteetcampagne.fr\/wp-content\/uploads\/2024\/04\/CoteEtCampagne-1.png","width":430,"height":430,"caption":"C\u00f4te et Campagne"},"image":{"@id":"https:\/\/coteetcampagne.fr\/#\/schema\/logo\/image\/"}}]}},"_links":{"self":[{"href":"https:\/\/coteetcampagne.fr\/index.php\/wp-json\/wp\/v2\/pages\/16","targetHints":{"allow":["GET"]}}],"collection":[{"href":"https:\/\/coteetcampagne.fr\/index.php\/wp-json\/wp\/v2\/pages"}],"about":[{"href":"https:\/\/coteetcampagne.fr\/index.php\/wp-json\/wp\/v2\/types\/page"}],"author":[{"embeddable":true,"href":"https:\/\/coteetcampagne.fr\/index.php\/wp-json\/wp\/v2\/users\/1"}],"replies":[{"embeddable":true,"href":"https:\/\/coteetcampagne.fr\/index.php\/wp-json\/wp\/v2\/comments?post=16"}],"version-history":[{"count":5,"href":"https:\/\/coteetcampagne.fr\/index.php\/wp-json\/wp\/v2\/pages\/16\/revisions"}],"predecessor-version":[{"id":232,"href":"https:\/\/coteetcampagne.fr\/index.php\/wp-json\/wp\/v2\/pages\/16\/revisions\/232"}],"wp:attachment":[{"href":"https:\/\/coteetcampagne.fr\/index.php\/wp-json\/wp\/v2\/media?parent=16"}],"curies":[{"name":"wp","href":"https:\/\/api.w.org\/{rel}","templated":true}]}}