{"id":21,"date":"2024-04-02T13:56:37","date_gmt":"2024-04-02T11:56:37","guid":{"rendered":"https:\/\/coteetcampagne.fr\/?page_id=21"},"modified":"2025-06-07T10:30:57","modified_gmt":"2025-06-07T08:30:57","slug":"coaching-deco","status":"publish","type":"page","link":"https:\/\/coteetcampagne.fr\/index.php\/coaching-deco\/","title":{"rendered":"Coaching d\u00e9co"},"content":{"rendered":"\n<div class=\"wp-block-group alignfull is-layout-constrained wp-container-core-group-is-layout-4b87db4f wp-block-group-is-layout-constrained\" style=\"margin-top:0px;margin-bottom:0px;padding-top:64px;padding-bottom:64px\">\n<div class=\"wp-block-columns alignwide are-vertically-aligned-center is-layout-flex wp-container-core-columns-is-layout-28f84493 wp-block-columns-is-layout-flex\">\n<div class=\"wp-block-column is-vertically-aligned-center is-layout-flow wp-block-column-is-layout-flow\">\n<div class=\"alignnormal\"><div id=\"metaslider-id-198\" style=\"max-width: 400px;\" class=\"ml-slider-3-98-0 metaslider metaslider-flex metaslider-198 ml-slider ms-theme-default nav-hidden\" role=\"region\" aria-roledescription=\"Slideshow\" aria-label=\"Coaching\" data-width=\"400\">\n    <div id=\"metaslider_container_198\">\n        <div id=\"metaslider_198\">\n            <ul class='slides'>\n                <li style=\"display: block; width: 100%;\" class=\"slide-292 ms-image \" aria-roledescription=\"slide\" aria-label=\"slide-292\" data-date=\"2025-06-07 10:24:34\"><img loading=\"lazy\" decoding=\"async\" src=\"https:\/\/coteetcampagne.fr\/wp-content\/uploads\/2025\/06\/r-escalier-400x400.png\" height=\"400\" width=\"400\" alt=\"\" class=\"slider-198 slide-292\" title=\"r-escalier\" \/><\/li>\n                <li style=\"display: none; width: 100%;\" class=\"slide-293 ms-image \" aria-roledescription=\"slide\" aria-label=\"slide-293\" data-date=\"2025-06-07 10:24:34\"><img loading=\"lazy\" decoding=\"async\" src=\"https:\/\/coteetcampagne.fr\/wp-content\/uploads\/2025\/06\/r-lampe-400x400.png\" height=\"400\" width=\"400\" alt=\"\" class=\"slider-198 slide-293\" title=\"r-lampe\" \/><\/li>\n                <li style=\"display: none; width: 100%;\" class=\"slide-294 ms-image \" aria-roledescription=\"slide\" aria-label=\"slide-294\" data-date=\"2025-06-07 10:24:34\"><img loading=\"lazy\" decoding=\"async\" src=\"https:\/\/coteetcampagne.fr\/wp-content\/uploads\/2025\/06\/r-livres-400x400.png\" height=\"400\" width=\"400\" alt=\"\" class=\"slider-198 slide-294\" title=\"r-livres\" \/><\/li>\n                <li style=\"display: none; width: 100%;\" class=\"slide-295 ms-image \" aria-roledescription=\"slide\" aria-label=\"slide-295\" data-date=\"2025-06-07 10:24:34\"><img loading=\"lazy\" decoding=\"async\" src=\"https:\/\/coteetcampagne.fr\/wp-content\/uploads\/2025\/06\/r-meuble-400x400.png\" height=\"400\" width=\"400\" alt=\"\" class=\"slider-198 slide-295\" title=\"r-meuble\" \/><\/li>\n                <li style=\"display: none; width: 100%;\" class=\"slide-296 ms-image \" aria-roledescription=\"slide\" aria-label=\"slide-296\" data-date=\"2025-06-07 10:24:34\"><img loading=\"lazy\" decoding=\"async\" src=\"https:\/\/coteetcampagne.fr\/wp-content\/uploads\/2025\/06\/r-salon-400x400.png\" height=\"400\" width=\"400\" alt=\"\" class=\"slider-198 slide-296\" title=\"r-salon\" \/><\/li>\n                <li style=\"display: none; width: 100%;\" class=\"slide-297 ms-image \" aria-roledescription=\"slide\" aria-label=\"slide-297\" data-date=\"2025-06-07 10:24:34\"><img loading=\"lazy\" decoding=\"async\" src=\"https:\/\/coteetcampagne.fr\/wp-content\/uploads\/2025\/06\/r-cuisine-400x400.png\" height=\"400\" width=\"400\" alt=\"\" class=\"slider-198 slide-297\" title=\"r-cuisine\" \/><\/li>\n            <\/ul>\n        <\/div>\n        \n    <\/div>\n<\/div><\/div>\n<\/div>\n\n\n\n<div class=\"wp-block-column is-vertically-aligned-center is-layout-flow wp-block-column-is-layout-flow\">\n<h2 class=\"wp-block-heading\"><strong>Ensemble, mettons en valeur votre lieu de vie ou votre bien immobilier<\/strong><\/h2>\n\n\n\n<figure class=\"wp-block-image aligncenter size-large is-resized\"><img loading=\"lazy\" decoding=\"async\" width=\"844\" height=\"1024\" src=\"https:\/\/coteetcampagne.fr\/wp-content\/uploads\/2025\/06\/fab-coaching--844x1024.jpg\" alt=\"\" class=\"wp-image-259\" style=\"width:208px;height:auto\" srcset=\"https:\/\/coteetcampagne.fr\/wp-content\/uploads\/2025\/06\/fab-coaching--844x1024.jpg 844w, https:\/\/coteetcampagne.fr\/wp-content\/uploads\/2025\/06\/fab-coaching--247x300.jpg 247w, https:\/\/coteetcampagne.fr\/wp-content\/uploads\/2025\/06\/fab-coaching--768x931.jpg 768w, https:\/\/coteetcampagne.fr\/wp-content\/uploads\/2025\/06\/fab-coaching-.jpg 1118w\" sizes=\"auto, (max-width: 844px) 100vw, 844px\" \/><\/figure>\n<\/div>\n<\/div>\n\n\n\n<div class=\"wp-block-columns alignwide is-layout-flex wp-container-core-columns-is-layout-28f84493 wp-block-columns-is-layout-flex\">\n<div class=\"wp-block-column is-layout-flow wp-block-column-is-layout-flow\">\n<h2 class=\"wp-block-heading alignwide\">COACHING DECO<\/h2>\n\n\n\n<h4 class=\"wp-block-heading\"><strong>En manque d&#8217;inspiration?<\/strong><\/h4>\n<\/div>\n\n\n\n<div class=\"wp-block-column is-layout-flow wp-block-column-is-layout-flow\">\n<p class=\"has-text-align-left\">Nouveau projet, envie de changement&#8230; Je vous propose mon Coaching D\u00e9co pour vous aider \u00e0 y voire plus claire!<\/p>\n<\/div>\n<\/div>\n\n\n\n<div class=\"wp-block-columns alignwide is-layout-flex wp-container-core-columns-is-layout-28f84493 wp-block-columns-is-layout-flex\">\n<div class=\"wp-block-column is-layout-flow wp-block-column-is-layout-flow\">\n<p>Parce qu&#8217;il faut se sentir bien chez soi , \u00e0 notre image , la d\u00e9co est avant tout un art de vivre , un esprit de famille , un lieu ou l&#8217;on se ressource , chaleureux , convivial , lumineux.<\/p>\n<\/div>\n<\/div>\n<\/div>\n\n\n\n<div class=\"wp-block-group alignfull is-layout-constrained wp-container-core-group-is-layout-4b87db4f wp-block-group-is-layout-constrained\" style=\"margin-top:0px;margin-bottom:0px;padding-top:64px;padding-bottom:64px\">\n<hr class=\"wp-block-separator aligncenter has-alpha-channel-opacity is-style-wide\"\/>\n\n\n\n<div class=\"wp-block-columns alignwide is-layout-flex wp-container-core-columns-is-layout-28f84493 wp-block-columns-is-layout-flex\">\n<div class=\"wp-block-column is-layout-flow wp-block-column-is-layout-flow\" style=\"flex-basis:100%\">\n<h2 class=\"wp-block-heading\">MES PRESTATIONS<\/h2>\n<\/div>\n<\/div>\n\n\n\n<div class=\"wp-block-columns alignwide is-layout-flex wp-container-core-columns-is-layout-13e2ef3f wp-block-columns-is-layout-flex\">\n<div class=\"wp-block-column has-ti-bg-alt-background-color has-background is-layout-flow wp-block-column-is-layout-flow\" style=\"border-width:2px;padding-top:24px;padding-right:24px;padding-bottom:24px;padding-left:24px\">\n<h5 class=\"wp-block-heading has-text-align-center\">VISITE CONSEIL<\/h5>\n\n\n\n<p class=\"has-text-align-center\" id=\"h22eXJIXzhZoaquh\">250\u20ac<\/p>\n\n\n\n<p>Nous \u00e9changeons sur votre projet et je vous oriente oralement sur :<\/p>\n\n\n\n<ul class=\"wp-block-list\">\n<li>les choix de couleur<\/li>\n\n\n\n<li>l&#8217;agencement des espaces<\/li>\n\n\n\n<li>le style de mobilier&#8230;<\/li>\n<\/ul>\n\n\n\n<p class=\"has-text-align-center\" id=\"WXjgjAUjLCrB2Ljp\"><em>La prise de note sera fa\u00eete par vos soins.<\/em><\/p>\n<\/div>\n\n\n\n<div class=\"wp-block-column has-ti-bg-alt-background-color has-background is-layout-flow wp-block-column-is-layout-flow\" style=\"border-width:2px;padding-top:24px;padding-right:24px;padding-bottom:24px;padding-left:24px\">\n<figure class=\"wp-block-image size-large\"><img loading=\"lazy\" decoding=\"async\" width=\"1024\" height=\"1024\" src=\"https:\/\/coteetcampagne.fr\/wp-content\/uploads\/2025\/06\/r-VisiteConseil-1024x1024.png\" alt=\"\" class=\"wp-image-298\" srcset=\"https:\/\/coteetcampagne.fr\/wp-content\/uploads\/2025\/06\/r-VisiteConseil-1024x1024.png 1024w, https:\/\/coteetcampagne.fr\/wp-content\/uploads\/2025\/06\/r-VisiteConseil-300x300.png 300w, https:\/\/coteetcampagne.fr\/wp-content\/uploads\/2025\/06\/r-VisiteConseil-150x150.png 150w, https:\/\/coteetcampagne.fr\/wp-content\/uploads\/2025\/06\/r-VisiteConseil-768x768.png 768w, https:\/\/coteetcampagne.fr\/wp-content\/uploads\/2025\/06\/r-VisiteConseil.png 1080w\" sizes=\"auto, (max-width: 1024px) 100vw, 1024px\" \/><\/figure>\n<\/div>\n<\/div>\n\n\n\n<div class=\"wp-block-columns alignwide is-layout-flex wp-container-core-columns-is-layout-13e2ef3f wp-block-columns-is-layout-flex\">\n<div class=\"wp-block-column has-ti-bg-alt-background-color has-background is-layout-flow wp-block-column-is-layout-flow\" style=\"border-width:2px;padding-top:24px;padding-right:24px;padding-bottom:24px;padding-left:24px\">\n<h5 class=\"wp-block-heading has-text-align-center\">VISITE CONSEIL ET SELECTION D&#8217;ARTISANS<\/h5>\n\n\n\n<p class=\"has-text-align-center\" id=\"KTxBx73Dgrkbur8j\">500\u20ac<\/p>\n\n\n\n<p>Harmonisation d&#8217;une ou plusieurs pieces, pour cr\u00e9er une ambiance en jouant avec les couleurs, le mobilier et les accessoires qui vous correspondent.<\/p>\n\n\n\n<p class=\"has-text-align-center\">Votre projet est unique !<\/p>\n<\/div>\n\n\n\n<div class=\"wp-block-column has-ti-bg-alt-background-color has-background is-layout-flow wp-block-column-is-layout-flow\" style=\"border-width:2px;padding-top:24px;padding-right:24px;padding-bottom:24px;padding-left:24px\">\n<figure class=\"wp-block-image size-large\"><img loading=\"lazy\" decoding=\"async\" width=\"1024\" height=\"1024\" src=\"https:\/\/coteetcampagne.fr\/wp-content\/uploads\/2025\/06\/VisiteConseil-SelectionArtisans-1024x1024.png\" alt=\"\" class=\"wp-image-299\" srcset=\"https:\/\/coteetcampagne.fr\/wp-content\/uploads\/2025\/06\/VisiteConseil-SelectionArtisans-1024x1024.png 1024w, https:\/\/coteetcampagne.fr\/wp-content\/uploads\/2025\/06\/VisiteConseil-SelectionArtisans-300x300.png 300w, https:\/\/coteetcampagne.fr\/wp-content\/uploads\/2025\/06\/VisiteConseil-SelectionArtisans-150x150.png 150w, https:\/\/coteetcampagne.fr\/wp-content\/uploads\/2025\/06\/VisiteConseil-SelectionArtisans-768x768.png 768w, https:\/\/coteetcampagne.fr\/wp-content\/uploads\/2025\/06\/VisiteConseil-SelectionArtisans.png 1080w\" sizes=\"auto, (max-width: 1024px) 100vw, 1024px\" \/><\/figure>\n<\/div>\n<\/div>\n<\/div>\n\n\n\n<div class=\"wp-block-group alignfull is-layout-constrained wp-container-core-group-is-layout-4b87db4f wp-block-group-is-layout-constrained\" style=\"margin-top:0px;margin-bottom:0px;padding-top:64px;padding-bottom:64px\">\n<hr class=\"wp-block-separator aligncenter has-alpha-channel-opacity is-style-wide\"\/>\n\n\n\n<div class=\"wp-block-columns alignwide is-layout-flex wp-container-core-columns-is-layout-28f84493 wp-block-columns-is-layout-flex\">\n<div class=\"wp-block-column is-layout-flow wp-block-column-is-layout-flow\" style=\"flex-basis:100%\">\n<h2 class=\"wp-block-heading\">MES REALISATIONS<\/h2>\n<\/div>\n<\/div>\n\n\n\n<div class=\"wp-block-columns alignwide is-layout-flex wp-container-core-columns-is-layout-28f84493 wp-block-columns-is-layout-flex\">\n<div class=\"wp-block-column is-layout-flow wp-block-column-is-layout-flow\">\n<p>Donnez une nouvelle vie \u00e0 votre maison avec mes conseils de&nbsp;<strong>d\u00e9coration d\u2019int\u00e9rieur<\/strong>.<\/p>\n<\/div>\n<\/div>\n\n\n\n<div class=\"wp-block-columns is-layout-flex wp-container-core-columns-is-layout-28f84493 wp-block-columns-is-layout-flex\">\n<div class=\"wp-block-column is-layout-flow wp-block-column-is-layout-flow\">\n<figure class=\"wp-block-image size-large\"><img loading=\"lazy\" decoding=\"async\" width=\"1024\" height=\"1024\" src=\"https:\/\/coteetcampagne.fr\/wp-content\/uploads\/2025\/06\/r-ap-avant-cuisine-1-1024x1024.png\" alt=\"\" class=\"wp-image-304\" srcset=\"https:\/\/coteetcampagne.fr\/wp-content\/uploads\/2025\/06\/r-ap-avant-cuisine-1-1024x1024.png 1024w, https:\/\/coteetcampagne.fr\/wp-content\/uploads\/2025\/06\/r-ap-avant-cuisine-1-300x300.png 300w, https:\/\/coteetcampagne.fr\/wp-content\/uploads\/2025\/06\/r-ap-avant-cuisine-1-150x150.png 150w, https:\/\/coteetcampagne.fr\/wp-content\/uploads\/2025\/06\/r-ap-avant-cuisine-1-768x768.png 768w, https:\/\/coteetcampagne.fr\/wp-content\/uploads\/2025\/06\/r-ap-avant-cuisine-1.png 1080w\" sizes=\"auto, (max-width: 1024px) 100vw, 1024px\" \/><\/figure>\n<\/div>\n\n\n\n<div class=\"wp-block-column is-layout-flow wp-block-column-is-layout-flow\">\n<figure class=\"wp-block-image size-large\"><img loading=\"lazy\" decoding=\"async\" width=\"1024\" height=\"1024\" src=\"https:\/\/coteetcampagne.fr\/wp-content\/uploads\/2025\/06\/r-ap-cuisine-1024x1024.png\" alt=\"\" class=\"wp-image-302\" srcset=\"https:\/\/coteetcampagne.fr\/wp-content\/uploads\/2025\/06\/r-ap-cuisine-1024x1024.png 1024w, https:\/\/coteetcampagne.fr\/wp-content\/uploads\/2025\/06\/r-ap-cuisine-300x300.png 300w, https:\/\/coteetcampagne.fr\/wp-content\/uploads\/2025\/06\/r-ap-cuisine-150x150.png 150w, https:\/\/coteetcampagne.fr\/wp-content\/uploads\/2025\/06\/r-ap-cuisine-768x768.png 768w, https:\/\/coteetcampagne.fr\/wp-content\/uploads\/2025\/06\/r-ap-cuisine.png 1080w\" sizes=\"auto, (max-width: 1024px) 100vw, 1024px\" \/><\/figure>\n<\/div>\n<\/div>\n\n\n\n<figure class=\"wp-block-gallery alignwide has-nested-images columns-default is-cropped wp-block-gallery-1 is-layout-flex wp-block-gallery-is-layout-flex\">\n<figure class=\"wp-block-image size-large\"><img loading=\"lazy\" decoding=\"async\" width=\"494\" height=\"490\" data-id=\"224\" src=\"https:\/\/coteetcampagne.fr\/wp-content\/uploads\/2024\/08\/Coaching-Deco-1.jpg\" alt=\"\" class=\"wp-image-224\" srcset=\"https:\/\/coteetcampagne.fr\/wp-content\/uploads\/2024\/08\/Coaching-Deco-1.jpg 494w, https:\/\/coteetcampagne.fr\/wp-content\/uploads\/2024\/08\/Coaching-Deco-1-300x298.jpg 300w, https:\/\/coteetcampagne.fr\/wp-content\/uploads\/2024\/08\/Coaching-Deco-1-150x150.jpg 150w\" sizes=\"auto, (max-width: 494px) 100vw, 494px\" \/><\/figure>\n\n\n\n<figure class=\"wp-block-image size-large\"><img loading=\"lazy\" decoding=\"async\" width=\"802\" height=\"491\" data-id=\"226\" src=\"https:\/\/coteetcampagne.fr\/wp-content\/uploads\/2024\/08\/Coaching-Deco-2.jpg\" alt=\"\" class=\"wp-image-226\" srcset=\"https:\/\/coteetcampagne.fr\/wp-content\/uploads\/2024\/08\/Coaching-Deco-2.jpg 802w, https:\/\/coteetcampagne.fr\/wp-content\/uploads\/2024\/08\/Coaching-Deco-2-300x184.jpg 300w, https:\/\/coteetcampagne.fr\/wp-content\/uploads\/2024\/08\/Coaching-Deco-2-768x470.jpg 768w\" sizes=\"auto, (max-width: 802px) 100vw, 802px\" \/><\/figure>\n\n\n\n<figure class=\"wp-block-image size-large\"><img loading=\"lazy\" decoding=\"async\" width=\"496\" height=\"495\" data-id=\"225\" src=\"https:\/\/coteetcampagne.fr\/wp-content\/uploads\/2024\/08\/Coaching-Deco-3.jpg\" alt=\"\" class=\"wp-image-225\" srcset=\"https:\/\/coteetcampagne.fr\/wp-content\/uploads\/2024\/08\/Coaching-Deco-3.jpg 496w, https:\/\/coteetcampagne.fr\/wp-content\/uploads\/2024\/08\/Coaching-Deco-3-300x300.jpg 300w, https:\/\/coteetcampagne.fr\/wp-content\/uploads\/2024\/08\/Coaching-Deco-3-150x150.jpg 150w\" sizes=\"auto, (max-width: 496px) 100vw, 496px\" \/><\/figure>\n<\/figure>\n\n\n\n<p class=\"has-text-align-center has-small-font-size\">Visitez ma page <a href=\"\/index.php\" data-type=\"link\" data-id=\"\/index.php\">Home Staging<\/a><\/p>\n<\/div>\n","protected":false},"excerpt":{"rendered":"<p>Ensemble, mettons en valeur votre lieu de vie ou votre bien immobilier COACHING DECO En manque d&#8217;inspiration? Nouveau projet, envie de changement&#8230; Je vous propose mon Coaching D\u00e9co pour vous aider \u00e0 y voire plus claire! Parce qu&#8217;il faut se sentir bien chez soi , \u00e0 notre image , la d\u00e9co est avant tout un [&hellip;]<\/p>\n","protected":false},"author":1,"featured_media":0,"parent":0,"menu_order":0,"comment_status":"closed","ping_status":"closed","template":"","meta":{"footnotes":""},"class_list":["post-21","page","type-page","status-publish","hentry"],"yoast_head":"<!-- This site is optimized with the Yoast SEO plugin v25.2 - https:\/\/yoast.com\/wordpress\/plugins\/seo\/ -->\n<title>Coaching d\u00e9co - C\u00f4te et Campagne<\/title>\n<meta name=\"description\" content=\"Home Staging Coaching d\u00e9co cote campagne coteetcampagne Boulogne immobilier\" \/>\n<meta name=\"robots\" content=\"index, follow, max-snippet:-1, max-image-preview:large, max-video-preview:-1\" \/>\n<link rel=\"canonical\" href=\"https:\/\/coteetcampagne.fr\/index.php\/coaching-deco\/\" \/>\n<meta property=\"og:locale\" content=\"en_US\" \/>\n<meta property=\"og:type\" content=\"article\" \/>\n<meta property=\"og:title\" content=\"Coaching d\u00e9co - C\u00f4te et Campagne\" \/>\n<meta property=\"og:description\" content=\"Home Staging Coaching d\u00e9co cote campagne coteetcampagne Boulogne immobilier\" \/>\n<meta property=\"og:url\" content=\"https:\/\/coteetcampagne.fr\/index.php\/coaching-deco\/\" \/>\n<meta property=\"og:site_name\" content=\"C\u00f4te et Campagne\" \/>\n<meta property=\"article:modified_time\" content=\"2025-06-07T08:30:57+00:00\" \/>\n<meta property=\"og:image\" content=\"https:\/\/coteetcampagne.fr\/wp-content\/uploads\/2025\/06\/fab-coaching--844x1024.jpg\" \/>\n<meta name=\"twitter:card\" content=\"summary_large_image\" \/>\n<meta name=\"twitter:label1\" content=\"Est. reading time\" \/>\n\t<meta name=\"twitter:data1\" content=\"3 minutes\" \/>\n<script type=\"application\/ld+json\" class=\"yoast-schema-graph\">{\"@context\":\"https:\/\/schema.org\",\"@graph\":[{\"@type\":\"WebPage\",\"@id\":\"https:\/\/coteetcampagne.fr\/index.php\/coaching-deco\/\",\"url\":\"https:\/\/coteetcampagne.fr\/index.php\/coaching-deco\/\",\"name\":\"Coaching d\u00e9co - C\u00f4te et Campagne\",\"isPartOf\":{\"@id\":\"https:\/\/coteetcampagne.fr\/#website\"},\"primaryImageOfPage\":{\"@id\":\"https:\/\/coteetcampagne.fr\/index.php\/coaching-deco\/#primaryimage\"},\"image\":{\"@id\":\"https:\/\/coteetcampagne.fr\/index.php\/coaching-deco\/#primaryimage\"},\"thumbnailUrl\":\"https:\/\/coteetcampagne.fr\/wp-content\/uploads\/2025\/06\/fab-coaching--844x1024.jpg\",\"datePublished\":\"2024-04-02T11:56:37+00:00\",\"dateModified\":\"2025-06-07T08:30:57+00:00\",\"description\":\"Home Staging Coaching d\u00e9co cote campagne coteetcampagne Boulogne immobilier\",\"breadcrumb\":{\"@id\":\"https:\/\/coteetcampagne.fr\/index.php\/coaching-deco\/#breadcrumb\"},\"inLanguage\":\"en-US\",\"potentialAction\":[{\"@type\":\"ReadAction\",\"target\":[\"https:\/\/coteetcampagne.fr\/index.php\/coaching-deco\/\"]}]},{\"@type\":\"ImageObject\",\"inLanguage\":\"en-US\",\"@id\":\"https:\/\/coteetcampagne.fr\/index.php\/coaching-deco\/#primaryimage\",\"url\":\"https:\/\/coteetcampagne.fr\/wp-content\/uploads\/2025\/06\/fab-coaching-.jpg\",\"contentUrl\":\"https:\/\/coteetcampagne.fr\/wp-content\/uploads\/2025\/06\/fab-coaching-.jpg\",\"width\":1118,\"height\":1356},{\"@type\":\"BreadcrumbList\",\"@id\":\"https:\/\/coteetcampagne.fr\/index.php\/coaching-deco\/#breadcrumb\",\"itemListElement\":[{\"@type\":\"ListItem\",\"position\":1,\"name\":\"Home\",\"item\":\"https:\/\/coteetcampagne.fr\/\"},{\"@type\":\"ListItem\",\"position\":2,\"name\":\"Coaching d\u00e9co\"}]},{\"@type\":\"WebSite\",\"@id\":\"https:\/\/coteetcampagne.fr\/#website\",\"url\":\"https:\/\/coteetcampagne.fr\/\",\"name\":\"C\u00f4te et Campagne\",\"description\":\"Un site utilisant WordPress\",\"publisher\":{\"@id\":\"https:\/\/coteetcampagne.fr\/#organization\"},\"potentialAction\":[{\"@type\":\"SearchAction\",\"target\":{\"@type\":\"EntryPoint\",\"urlTemplate\":\"https:\/\/coteetcampagne.fr\/?s={search_term_string}\"},\"query-input\":{\"@type\":\"PropertyValueSpecification\",\"valueRequired\":true,\"valueName\":\"search_term_string\"}}],\"inLanguage\":\"en-US\"},{\"@type\":\"Organization\",\"@id\":\"https:\/\/coteetcampagne.fr\/#organization\",\"name\":\"C\u00f4te et Campagne\",\"url\":\"https:\/\/coteetcampagne.fr\/\",\"logo\":{\"@type\":\"ImageObject\",\"inLanguage\":\"en-US\",\"@id\":\"https:\/\/coteetcampagne.fr\/#\/schema\/logo\/image\/\",\"url\":\"http:\/\/coteetcampagne.fr\/wp-content\/uploads\/2024\/04\/CoteEtCampagne-1.png\",\"contentUrl\":\"http:\/\/coteetcampagne.fr\/wp-content\/uploads\/2024\/04\/CoteEtCampagne-1.png\",\"width\":430,\"height\":430,\"caption\":\"C\u00f4te et Campagne\"},\"image\":{\"@id\":\"https:\/\/coteetcampagne.fr\/#\/schema\/logo\/image\/\"}}]}<\/script>\n<!-- \/ Yoast SEO plugin. -->","yoast_head_json":{"title":"Coaching d\u00e9co - C\u00f4te et Campagne","description":"Home Staging Coaching d\u00e9co cote campagne coteetcampagne Boulogne immobilier","robots":{"index":"index","follow":"follow","max-snippet":"max-snippet:-1","max-image-preview":"max-image-preview:large","max-video-preview":"max-video-preview:-1"},"canonical":"https:\/\/coteetcampagne.fr\/index.php\/coaching-deco\/","og_locale":"en_US","og_type":"article","og_title":"Coaching d\u00e9co - C\u00f4te et Campagne","og_description":"Home Staging Coaching d\u00e9co cote campagne coteetcampagne Boulogne immobilier","og_url":"https:\/\/coteetcampagne.fr\/index.php\/coaching-deco\/","og_site_name":"C\u00f4te et Campagne","article_modified_time":"2025-06-07T08:30:57+00:00","og_image":[{"url":"https:\/\/coteetcampagne.fr\/wp-content\/uploads\/2025\/06\/fab-coaching--844x1024.jpg","type":"","width":"","height":""}],"twitter_card":"summary_large_image","twitter_misc":{"Est. reading time":"3 minutes"},"schema":{"@context":"https:\/\/schema.org","@graph":[{"@type":"WebPage","@id":"https:\/\/coteetcampagne.fr\/index.php\/coaching-deco\/","url":"https:\/\/coteetcampagne.fr\/index.php\/coaching-deco\/","name":"Coaching d\u00e9co - C\u00f4te et Campagne","isPartOf":{"@id":"https:\/\/coteetcampagne.fr\/#website"},"primaryImageOfPage":{"@id":"https:\/\/coteetcampagne.fr\/index.php\/coaching-deco\/#primaryimage"},"image":{"@id":"https:\/\/coteetcampagne.fr\/index.php\/coaching-deco\/#primaryimage"},"thumbnailUrl":"https:\/\/coteetcampagne.fr\/wp-content\/uploads\/2025\/06\/fab-coaching--844x1024.jpg","datePublished":"2024-04-02T11:56:37+00:00","dateModified":"2025-06-07T08:30:57+00:00","description":"Home Staging Coaching d\u00e9co cote campagne coteetcampagne Boulogne immobilier","breadcrumb":{"@id":"https:\/\/coteetcampagne.fr\/index.php\/coaching-deco\/#breadcrumb"},"inLanguage":"en-US","potentialAction":[{"@type":"ReadAction","target":["https:\/\/coteetcampagne.fr\/index.php\/coaching-deco\/"]}]},{"@type":"ImageObject","inLanguage":"en-US","@id":"https:\/\/coteetcampagne.fr\/index.php\/coaching-deco\/#primaryimage","url":"https:\/\/coteetcampagne.fr\/wp-content\/uploads\/2025\/06\/fab-coaching-.jpg","contentUrl":"https:\/\/coteetcampagne.fr\/wp-content\/uploads\/2025\/06\/fab-coaching-.jpg","width":1118,"height":1356},{"@type":"BreadcrumbList","@id":"https:\/\/coteetcampagne.fr\/index.php\/coaching-deco\/#breadcrumb","itemListElement":[{"@type":"ListItem","position":1,"name":"Home","item":"https:\/\/coteetcampagne.fr\/"},{"@type":"ListItem","position":2,"name":"Coaching d\u00e9co"}]},{"@type":"WebSite","@id":"https:\/\/coteetcampagne.fr\/#website","url":"https:\/\/coteetcampagne.fr\/","name":"C\u00f4te et Campagne","description":"Un site utilisant WordPress","publisher":{"@id":"https:\/\/coteetcampagne.fr\/#organization"},"potentialAction":[{"@type":"SearchAction","target":{"@type":"EntryPoint","urlTemplate":"https:\/\/coteetcampagne.fr\/?s={search_term_string}"},"query-input":{"@type":"PropertyValueSpecification","valueRequired":true,"valueName":"search_term_string"}}],"inLanguage":"en-US"},{"@type":"Organization","@id":"https:\/\/coteetcampagne.fr\/#organization","name":"C\u00f4te et Campagne","url":"https:\/\/coteetcampagne.fr\/","logo":{"@type":"ImageObject","inLanguage":"en-US","@id":"https:\/\/coteetcampagne.fr\/#\/schema\/logo\/image\/","url":"http:\/\/coteetcampagne.fr\/wp-content\/uploads\/2024\/04\/CoteEtCampagne-1.png","contentUrl":"http:\/\/coteetcampagne.fr\/wp-content\/uploads\/2024\/04\/CoteEtCampagne-1.png","width":430,"height":430,"caption":"C\u00f4te et Campagne"},"image":{"@id":"https:\/\/coteetcampagne.fr\/#\/schema\/logo\/image\/"}}]}},"_links":{"self":[{"href":"https:\/\/coteetcampagne.fr\/index.php\/wp-json\/wp\/v2\/pages\/21","targetHints":{"allow":["GET"]}}],"collection":[{"href":"https:\/\/coteetcampagne.fr\/index.php\/wp-json\/wp\/v2\/pages"}],"about":[{"href":"https:\/\/coteetcampagne.fr\/index.php\/wp-json\/wp\/v2\/types\/page"}],"author":[{"embeddable":true,"href":"https:\/\/coteetcampagne.fr\/index.php\/wp-json\/wp\/v2\/users\/1"}],"replies":[{"embeddable":true,"href":"https:\/\/coteetcampagne.fr\/index.php\/wp-json\/wp\/v2\/comments?post=21"}],"version-history":[{"count":33,"href":"https:\/\/coteetcampagne.fr\/index.php\/wp-json\/wp\/v2\/pages\/21\/revisions"}],"predecessor-version":[{"id":305,"href":"https:\/\/coteetcampagne.fr\/index.php\/wp-json\/wp\/v2\/pages\/21\/revisions\/305"}],"wp:attachment":[{"href":"https:\/\/coteetcampagne.fr\/index.php\/wp-json\/wp\/v2\/media?parent=21"}],"curies":[{"name":"wp","href":"https:\/\/api.w.org\/{rel}","templated":true}]}}